{"id":39,"date":"2023-01-11T12:18:00","date_gmt":"2023-01-11T12:18:00","guid":{"rendered":"https:\/\/heku-brandschutz.com\/?page_id=39"},"modified":"2023-05-08T08:38:34","modified_gmt":"2023-05-08T08:38:34","slug":"dokumentation","status":"publish","type":"page","link":"https:\/\/heku-brandschutz.de\/?page_id=39","title":{"rendered":"Dokumentation"},"content":{"rendered":"<p>[et_pb_section fb_built=&#8220;1&#8243; fullwidth=&#8220;on&#8220; _builder_version=&#8220;4.19.4&#8243; _module_preset=&#8220;default&#8220; background_color=&#8220;#7f7f7f&#8220; global_colors_info=&#8220;{}&#8220;][et_pb_fullwidth_image src=&#8220;https:\/\/heku-brandschutz.de\/wp-content\/uploads\/2023\/01\/Unsere-Dokumentation-1.png&#8220; title_text=&#8220;Unsere Dokumentation&#8220; _builder_version=&#8220;4.19.4&#8243; _module_preset=&#8220;default&#8220; global_colors_info=&#8220;{}&#8220;][\/et_pb_fullwidth_image][\/et_pb_section][et_pb_section fb_built=&#8220;1&#8243; admin_label=&#8220;HomeTopSplitter&#8220; _builder_version=&#8220;4.19.4&#8243; _module_preset=&#8220;default&#8220; background_color=&#8220;#d2104b&#8220; custom_margin=&#8220;||||false|false&#8220; custom_padding=&#8220;0px||0px||false|false&#8220; global_colors_info=&#8220;{}&#8220; background__hover_enabled=&#8220;off|desktop&#8220;][et_pb_row _builder_version=&#8220;4.19.4&#8243; _module_preset=&#8220;default&#8220; custom_padding=&#8220;15px||10px||false|false&#8220; global_colors_info=&#8220;{}&#8220;][et_pb_column type=&#8220;4_4&#8243; _builder_version=&#8220;4.19.4&#8243; _module_preset=&#8220;default&#8220; global_colors_info=&#8220;{}&#8220;][et_pb_text _builder_version=&#8220;4.19.4&#8243; _module_preset=&#8220;default&#8220; text_text_color=&#8220;#FFFFFF&#8220; text_orientation=&#8220;center&#8220; global_colors_info=&#8220;{}&#8220;]<\/p>\n<h1>Unsere Dokumentation<\/h1>\n<p>[\/et_pb_text][\/et_pb_column][\/et_pb_row][\/et_pb_section][et_pb_section fb_built=&#8220;1&#8243; admin_label=&#8220;HomeTopSplitter&#8220; _builder_version=&#8220;4.19.4&#8243; _module_preset=&#8220;default&#8220; background_color=&#8220;#FFFFFF&#8220; custom_margin=&#8220;||20px||false|false&#8220; custom_padding=&#8220;0px||0px||false|false&#8220; box_shadow_style=&#8220;preset3&#8243; global_colors_info=&#8220;{}&#8220; background__hover_enabled=&#8220;off|desktop&#8220;][et_pb_row _builder_version=&#8220;4.19.4&#8243; _module_preset=&#8220;default&#8220; global_colors_info=&#8220;{}&#8220;][et_pb_column type=&#8220;4_4&#8243; _builder_version=&#8220;4.19.4&#8243; _module_preset=&#8220;default&#8220; global_colors_info=&#8220;{}&#8220;][et_pb_text _builder_version=&#8220;4.19.4&#8243; _module_preset=&#8220;default&#8220; text_orientation=&#8220;center&#8220; global_colors_info=&#8220;{}&#8220;]<\/p>\n<p><span>Unsere professionellen Arbeiten sprechen f\u00fcr sich \u2013 doch ein weiterer wesentlicher Punkt, weshalb unsere Kunden auf HEKU setzen, ist unsere einzigartige Dokumentation. S\u00e4mtliche von uns ausgef\u00fchrten Arbeiten werden in einem Protokoll mit detaillierten Informationen zum eingesetzten System inklusive Fotodokumentation f\u00fcr Sie erfasst.<\/span><\/p>\n<p>[\/et_pb_text][\/et_pb_column][\/et_pb_row][\/et_pb_section][et_pb_section fb_built=&#8220;1&#8243; _builder_version=&#8220;4.19.4&#8243; _module_preset=&#8220;default&#8220; custom_padding=&#8220;20px||20px||false|false&#8220; global_colors_info=&#8220;{}&#8220;][et_pb_row column_structure=&#8220;1_2,1_2&#8243; use_custom_gutter=&#8220;on&#8220; gutter_width=&#8220;1&#8243; _builder_version=&#8220;4.19.4&#8243; _module_preset=&#8220;default&#8220; background_color=&#8220;#FFFFFF&#8220; max_width=&#8220;850px&#8220; custom_padding=&#8220;|20px||20px|false|false&#8220; border_radii=&#8220;on|4px|4px|4px|4px&#8220; box_shadow_style=&#8220;preset1&#8243; global_colors_info=&#8220;{}&#8220;][et_pb_column type=&#8220;1_2&#8243; _builder_version=&#8220;4.19.4&#8243; _module_preset=&#8220;default&#8220; global_colors_info=&#8220;{}&#8220;][et_pb_image src=&#8220;https:\/\/heku-brandschutz.de\/wp-content\/uploads\/2023\/01\/VorherNacher-Foto-1.png&#8220; title_text=&#8220;VorherNacher Foto (1)&#8220; _builder_version=&#8220;4.19.4&#8243; _module_preset=&#8220;default&#8220; max_width=&#8220;480px&#8220; module_alignment=&#8220;center&#8220; custom_margin=&#8220;||10px|-87px|false|false&#8220; global_colors_info=&#8220;{}&#8220;][\/et_pb_image][\/et_pb_column][et_pb_column type=&#8220;1_2&#8243; _builder_version=&#8220;4.19.4&#8243; _module_preset=&#8220;default&#8220; global_colors_info=&#8220;{}&#8220;][et_pb_text _builder_version=&#8220;4.19.4&#8243; _module_preset=&#8220;default&#8220; text_text_color=&#8220;#d2104b&#8220; text_orientation=&#8220;center&#8220; custom_margin=&#8220;||20px||false|false&#8220; custom_padding=&#8220;||10px||false|false&#8220; border_width_bottom=&#8220;1px&#8220; border_color_bottom=&#8220;#d2104b&#8220; global_colors_info=&#8220;{}&#8220;]<\/p>\n<h2>Fotodokumentation<\/h2>\n<p>[\/et_pb_text][et_pb_text _builder_version=&#8220;4.19.4&#8243; _module_preset=&#8220;default&#8220; global_colors_info=&#8220;{}&#8220;]<\/p>\n<p style=\"text-align: center;\">All unsere Arbeiten werden von uns vorher und nachher fotografisch festgehalten und zusammen mit einem Leistungsbericht dokumentiert. Somit sind Sie \u00fcber s\u00e4mtliche von uns ausgef\u00fchrten Arbeiten im Bilde.<\/p>\n<p>[\/et_pb_text][\/et_pb_column][\/et_pb_row][\/et_pb_section][et_pb_section fb_built=&#8220;1&#8243; _builder_version=&#8220;4.19.4&#8243; _module_preset=&#8220;default&#8220; custom_padding=&#8220;20px||20px||false|false&#8220; global_colors_info=&#8220;{}&#8220;][et_pb_row column_structure=&#8220;1_2,1_2&#8243; use_custom_gutter=&#8220;on&#8220; gutter_width=&#8220;2&#8243; _builder_version=&#8220;4.19.4&#8243; _module_preset=&#8220;default&#8220; background_color=&#8220;#FFFFFF&#8220; max_width=&#8220;850px&#8220; custom_padding=&#8220;|20px||20px|false|false&#8220; border_radii=&#8220;on|4px|4px|4px|4px&#8220; box_shadow_style=&#8220;preset1&#8243; global_colors_info=&#8220;{}&#8220;][et_pb_column type=&#8220;1_2&#8243; _builder_version=&#8220;4.19.4&#8243; _module_preset=&#8220;default&#8220; global_colors_info=&#8220;{}&#8220;][et_pb_text _builder_version=&#8220;4.19.4&#8243; _module_preset=&#8220;default&#8220; text_text_color=&#8220;#d2104b&#8220; text_orientation=&#8220;center&#8220; custom_margin=&#8220;||20px||false|false&#8220; custom_padding=&#8220;||10px||false|false&#8220; border_width_bottom=&#8220;1px&#8220; border_color_bottom=&#8220;#d2104b&#8220; global_colors_info=&#8220;{}&#8220;]<\/p>\n<h2>Standortverzeichnis<\/h2>\n<p>[\/et_pb_text][et_pb_text _builder_version=&#8220;4.19.4&#8243; _module_preset=&#8220;default&#8220; global_colors_info=&#8220;{}&#8220;]<\/p>\n<p style=\"text-align: center;\">Damit Sie nicht nur ein Bild unserer einzelnen Arbeiten bekommen sondern das gesamte Bauvorhaben \u00fcberblicken k\u00f6nnen, enth\u00e4lt jeder Dokumentationsbogen einen exakten Planeintrag.<\/p>\n<p>[\/et_pb_text][\/et_pb_column][et_pb_column type=&#8220;1_2&#8243; _builder_version=&#8220;4.19.4&#8243; _module_preset=&#8220;default&#8220; global_colors_info=&#8220;{}&#8220;][et_pb_image src=&#8220;https:\/\/heku-brandschutz.de\/wp-content\/uploads\/2023\/01\/Standortverzeichnis-2.png&#8220; title_text=&#8220;Standortverzeichnis&#8220; _builder_version=&#8220;4.19.4&#8243; _module_preset=&#8220;default&#8220; max_width=&#8220;480px&#8220; module_alignment=&#8220;center&#8220; custom_margin=&#8220;|||20px|false|false&#8220; global_colors_info=&#8220;{}&#8220;][\/et_pb_image][\/et_pb_column][\/et_pb_row][\/et_pb_section][et_pb_section fb_built=&#8220;1&#8243; _builder_version=&#8220;4.19.4&#8243; _module_preset=&#8220;default&#8220; custom_padding=&#8220;20px||20px||false|false&#8220; global_colors_info=&#8220;{}&#8220;][et_pb_row column_structure=&#8220;1_2,1_2&#8243; use_custom_gutter=&#8220;on&#8220; gutter_width=&#8220;1&#8243; _builder_version=&#8220;4.19.4&#8243; _module_preset=&#8220;default&#8220; background_color=&#8220;#FFFFFF&#8220; max_width=&#8220;850px&#8220; custom_padding=&#8220;|20px||20px|false|false&#8220; border_radii=&#8220;on|4px|4px|4px|4px&#8220; box_shadow_style=&#8220;preset1&#8243; global_colors_info=&#8220;{}&#8220;][et_pb_column type=&#8220;1_2&#8243; _builder_version=&#8220;4.19.4&#8243; _module_preset=&#8220;default&#8220; global_colors_info=&#8220;{}&#8220;][et_pb_image src=&#8220;https:\/\/heku-brandschutz.de\/wp-content\/uploads\/2023\/01\/Fuer-Ihre-Unterlagen-1.png&#8220; title_text=&#8220;F\u00fcr Ihre Unterlagen&#8220; _builder_version=&#8220;4.19.4&#8243; _module_preset=&#8220;default&#8220; max_width=&#8220;480px&#8220; module_alignment=&#8220;center&#8220; custom_margin=&#8220;||10px|-87px|false|false&#8220; global_colors_info=&#8220;{}&#8220;][\/et_pb_image][\/et_pb_column][et_pb_column type=&#8220;1_2&#8243; _builder_version=&#8220;4.19.4&#8243; _module_preset=&#8220;default&#8220; global_colors_info=&#8220;{}&#8220;][et_pb_text _builder_version=&#8220;4.19.4&#8243; _module_preset=&#8220;default&#8220; text_text_color=&#8220;#d2104b&#8220; text_orientation=&#8220;center&#8220; custom_margin=&#8220;11px||20px||false|false&#8220; custom_padding=&#8220;||10px||false|false&#8220; border_width_bottom=&#8220;1px&#8220; border_color_bottom=&#8220;#d2104b&#8220; global_colors_info=&#8220;{}&#8220;]<\/p>\n<h2>Alles f\u00fcr Ihre Unterlagen<\/h2>\n<p>[\/et_pb_text][et_pb_text _builder_version=&#8220;4.19.4&#8243; _module_preset=&#8220;default&#8220; global_colors_info=&#8220;{}&#8220;]<\/p>\n<p style=\"text-align: center;\">Sie erhalten f\u00fcr alle ausgef\u00fchrten Arbeiten ein ausf\u00fchrliches Protokoll mit einer detaillierten Aufstellung der verbauten Brandschutzsysteme sowie der zugeh\u00f6rigen Arbeitszeit.<\/p>\n<p>[\/et_pb_text][\/et_pb_column][\/et_pb_row][\/et_pb_section][et_pb_section fb_built=&#8220;1&#8243; _builder_version=&#8220;4.19.4&#8243; _module_preset=&#8220;default&#8220; global_colors_info=&#8220;{}&#8220;][et_pb_row _builder_version=&#8220;4.19.4&#8243; _module_preset=&#8220;default&#8220; global_colors_info=&#8220;{}&#8220;][et_pb_column type=&#8220;4_4&#8243; _builder_version=&#8220;4.19.4&#8243; _module_preset=&#8220;default&#8220; global_colors_info=&#8220;{}&#8220;][et_pb_image src=&#8220;https:\/\/heku-brandschutz.de\/wp-content\/uploads\/2023\/01\/Dokumentation-2.png&#8220; title_text=&#8220;Dokumentation (2)&#8220; _builder_version=&#8220;4.19.4&#8243; _module_preset=&#8220;default&#8220; max_width=&#8220;640px&#8220; module_alignment=&#8220;center&#8220; global_colors_info=&#8220;{}&#8220;][\/et_pb_image][\/et_pb_column][\/et_pb_row][\/et_pb_section][et_pb_section fb_built=&#8220;1&#8243; _builder_version=&#8220;4.19.4&#8243; _module_preset=&#8220;default&#8220; background_color=&#8220;#d2104b&#8220; custom_margin=&#8220;16px||||false|false&#8220; custom_padding=&#8220;0px||0px||false|false&#8220; global_module=&#8220;216&#8243; saved_tabs=&#8220;all&#8220; global_colors_info=&#8220;{}&#8220;][et_pb_row _builder_version=&#8220;4.19.4&#8243; _module_preset=&#8220;default&#8220; custom_padding=&#8220;15px||15px||false|false&#8220; global_colors_info=&#8220;{}&#8220;][et_pb_column type=&#8220;4_4&#8243; _builder_version=&#8220;4.19.4&#8243; _module_preset=&#8220;default&#8220; global_colors_info=&#8220;{}&#8220;][et_pb_text _builder_version=&#8220;4.19.4&#8243; _module_preset=&#8220;default&#8220; text_text_color=&#8220;#FFFFFF&#8220; global_colors_info=&#8220;{}&#8220;]<\/p>\n<p><span style=\"color: #ffffff;\"><a href=\"https:\/\/heku-brandschutz.de\/?page_id=196\" title=\"Impressum\"><span style=\"color: #ffffff;\">Impressum<\/span> <\/a>| <a href=\"https:\/\/heku-brandschutz.de\/?page_id=201\" title=\"Datenschutzerkl\u00e4rung\" style=\"color: #ffffff;\">Datenschutzerkl\u00e4rung<\/a><\/span><\/p>\n<p>[\/et_pb_text][\/et_pb_column][\/et_pb_row][\/et_pb_section]<\/p>\n","protected":false},"excerpt":{"rendered":"<p>Unsere DokumentationUnsere professionellen Arbeiten sprechen f\u00fcr sich \u2013 doch ein weiterer wesentlicher Punkt, weshalb unsere Kunden auf HEKU setzen, ist unsere einzigartige Dokumentation. S\u00e4mtliche von uns ausgef\u00fchrten Arbeiten werden in einem Protokoll mit detaillierten Informationen zum eingesetzten System inklusive Fotodokumentation f\u00fcr Sie erfasst.FotodokumentationAll unsere Arbeiten werden von uns vorher und nachher fotografisch festgehalten und zusammen [&hellip;]<\/p>\n","protected":false},"author":1,"featured_media":0,"parent":0,"menu_order":0,"comment_status":"closed","ping_status":"closed","template":"","meta":{"_et_pb_use_builder":"on","_et_pb_old_content":"","_et_gb_content_width":"","footnotes":""},"class_list":["post-39","page","type-page","status-publish","hentry"],"_links":{"self":[{"href":"https:\/\/heku-brandschutz.de\/index.php?rest_route=\/wp\/v2\/pages\/39","targetHints":{"allow":["GET"]}}],"collection":[{"href":"https:\/\/heku-brandschutz.de\/index.php?rest_route=\/wp\/v2\/pages"}],"about":[{"href":"https:\/\/heku-brandschutz.de\/index.php?rest_route=\/wp\/v2\/types\/page"}],"author":[{"embeddable":true,"href":"https:\/\/heku-brandschutz.de\/index.php?rest_route=\/wp\/v2\/users\/1"}],"replies":[{"embeddable":true,"href":"https:\/\/heku-brandschutz.de\/index.php?rest_route=%2Fwp%2Fv2%2Fcomments&post=39"}],"version-history":[{"count":16,"href":"https:\/\/heku-brandschutz.de\/index.php?rest_route=\/wp\/v2\/pages\/39\/revisions"}],"predecessor-version":[{"id":340,"href":"https:\/\/heku-brandschutz.de\/index.php?rest_route=\/wp\/v2\/pages\/39\/revisions\/340"}],"wp:attachment":[{"href":"https:\/\/heku-brandschutz.de\/index.php?rest_route=%2Fwp%2Fv2%2Fmedia&parent=39"}],"curies":[{"name":"wp","href":"https:\/\/api.w.org\/{rel}","templated":true}]}}