{"id":35,"date":"2023-01-11T10:52:54","date_gmt":"2023-01-11T10:52:54","guid":{"rendered":"https:\/\/heku-brandschutz.com\/?page_id=35"},"modified":"2023-01-31T10:04:54","modified_gmt":"2023-01-31T10:04:54","slug":"unsere-leistungen","status":"publish","type":"page","link":"https:\/\/heku-brandschutz.de\/?page_id=35","title":{"rendered":"Unsere Leistungen"},"content":{"rendered":"<p>[et_pb_section fb_built=&#8220;1&#8243; fullwidth=&#8220;on&#8220; _builder_version=&#8220;4.19.4&#8243; _module_preset=&#8220;default&#8220; global_colors_info=&#8220;{}&#8220;][et_pb_fullwidth_image src=&#8220;https:\/\/heku-brandschutz.de\/wp-content\/uploads\/2023\/01\/Unsere-Leistungen.png&#8220; title_text=&#8220;Unsere Leistungen&#8220; _builder_version=&#8220;4.19.4&#8243; _module_preset=&#8220;default&#8220; global_colors_info=&#8220;{}&#8220;][\/et_pb_fullwidth_image][\/et_pb_section][et_pb_section fb_built=&#8220;1&#8243; admin_label=&#8220;HomeTopSplitter&#8220; _builder_version=&#8220;4.19.4&#8243; _module_preset=&#8220;default&#8220; background_color=&#8220;#d2104b&#8220; custom_margin=&#8220;||||false|false&#8220; custom_padding=&#8220;0px||0px||false|false&#8220; global_colors_info=&#8220;{}&#8220; background__hover_enabled=&#8220;off|desktop&#8220;][et_pb_row _builder_version=&#8220;4.19.4&#8243; _module_preset=&#8220;default&#8220; custom_padding=&#8220;15px||10px||false|false&#8220; global_colors_info=&#8220;{}&#8220;][et_pb_column type=&#8220;4_4&#8243; _builder_version=&#8220;4.19.4&#8243; _module_preset=&#8220;default&#8220; global_colors_info=&#8220;{}&#8220;][et_pb_text _builder_version=&#8220;4.19.4&#8243; _module_preset=&#8220;default&#8220; text_text_color=&#8220;#FFFFFF&#8220; text_orientation=&#8220;center&#8220; global_colors_info=&#8220;{}&#8220;]<\/p>\n<h1>Unsere Leistungen im \u00dcberblick<\/h1>\n<p>[\/et_pb_text][\/et_pb_column][\/et_pb_row][\/et_pb_section][et_pb_section fb_built=&#8220;1&#8243; admin_label=&#8220;HomeTopSplitter&#8220; _builder_version=&#8220;4.19.4&#8243; _module_preset=&#8220;default&#8220; background_color=&#8220;#FFFFFF&#8220; custom_margin=&#8220;||20px||false|false&#8220; custom_padding=&#8220;0px||0px||false|false&#8220; box_shadow_style=&#8220;preset3&#8243; global_colors_info=&#8220;{}&#8220; background__hover_enabled=&#8220;off|desktop&#8220;][et_pb_row _builder_version=&#8220;4.19.4&#8243; _module_preset=&#8220;default&#8220; global_colors_info=&#8220;{}&#8220;][et_pb_column type=&#8220;4_4&#8243; _builder_version=&#8220;4.19.4&#8243; _module_preset=&#8220;default&#8220; global_colors_info=&#8220;{}&#8220;][et_pb_text _builder_version=&#8220;4.19.4&#8243; _module_preset=&#8220;default&#8220; text_orientation=&#8220;center&#8220; global_colors_info=&#8220;{}&#8220;]<\/p>\n<p>Als eines der ersten, auf Brandschutz spezialisierten Unternehmen im s\u00fcddeutschen Raum k\u00f6nnen wir uns heute mit unserer \u00fcber 30-j\u00e4hrigen Erfahrung stolz als den Spezialisten in s\u00e4mtlichen Brandschutzfragen bezeichnen. Wir bieten Ihnen s\u00e4mtliche Ma\u00dfnahmen des vorbeugenden Geb\u00e4udebrandschutzes und begleiten Sie von der Planung bis zur Abnahme.<\/p>\n<p>[\/et_pb_text][\/et_pb_column][\/et_pb_row][\/et_pb_section][et_pb_section fb_built=&#8220;1&#8243; admin_label=&#8220;HomeBaulicherBrandschutz&#8220; _builder_version=&#8220;4.19.4&#8243; _module_preset=&#8220;default&#8220; custom_padding=&#8220;20px||20px||false|false&#8220; global_colors_info=&#8220;{}&#8220;][et_pb_row column_structure=&#8220;1_3,1_3,1_3&#8243; make_equal=&#8220;on&#8220; _builder_version=&#8220;4.19.4&#8243; _module_preset=&#8220;default&#8220; locked=&#8220;off&#8220; global_colors_info=&#8220;{}&#8220;][et_pb_column type=&#8220;1_3&#8243; _builder_version=&#8220;4.19.4&#8243; _module_preset=&#8220;default&#8220; custom_padding=&#8220;20px|20px|20px|20px|false|false&#8220; box_shadow_style=&#8220;preset1&#8243; global_colors_info=&#8220;{}&#8220;][et_pb_image src=&#8220;https:\/\/heku-brandschutz.de\/wp-content\/uploads\/2023\/01\/Verkleidung.png&#8220; title_text=&#8220;Verkleidung&#8220; _builder_version=&#8220;4.19.4&#8243; _module_preset=&#8220;default&#8220; global_colors_info=&#8220;{}&#8220;][\/et_pb_image][et_pb_text _builder_version=&#8220;4.19.4&#8243; _module_preset=&#8220;default&#8220; text_orientation=&#8220;center&#8220; custom_margin=&#8220;||10px||false|false&#8220; global_colors_info=&#8220;{}&#8220;]<\/p>\n<h3>Brandschutz<\/h3>\n<p>[\/et_pb_text][et_pb_text _builder_version=&#8220;4.19.4&#8243; _module_preset=&#8220;default&#8220; text_orientation=&#8220;center&#8220; global_colors_info=&#8220;{}&#8220;]<\/p>\n<p>S\u00e4mtliche Ma\u00dfnahmen des vorbeugenden Geb\u00e4udebrandschutzes<\/p>\n<p>[\/et_pb_text][\/et_pb_column][et_pb_column type=&#8220;1_3&#8243; _builder_version=&#8220;4.19.4&#8243; _module_preset=&#8220;default&#8220; custom_padding=&#8220;20px|20px|20px|20px|false|false&#8220; box_shadow_style=&#8220;preset1&#8243; global_colors_info=&#8220;{}&#8220;][et_pb_image src=&#8220;https:\/\/heku-brandschutz.de\/wp-content\/uploads\/2023\/01\/Baulicher-Brandschutz.png&#8220; title_text=&#8220;HEKU &#8211; Baulicher Brandschutz&#8220; _builder_version=&#8220;4.19.4&#8243; _module_preset=&#8220;default&#8220; global_colors_info=&#8220;{}&#8220;][\/et_pb_image][et_pb_text _builder_version=&#8220;4.19.4&#8243; _module_preset=&#8220;default&#8220; text_orientation=&#8220;center&#8220; custom_margin=&#8220;||10px||false|false&#8220; global_colors_info=&#8220;{}&#8220;]<\/p>\n<h3 style=\"text-align: center;\">Rohr- und Elektroabschottungen<\/h3>\n<p>[\/et_pb_text][et_pb_text _builder_version=&#8220;4.19.4&#8243; _module_preset=&#8220;default&#8220; text_orientation=&#8220;center&#8220; global_colors_info=&#8220;{}&#8220;]<\/p>\n<p>Gem\u00e4\u00df Zulassungen und Pr\u00fcfzeugnissen diverser Hersteller und Ausf\u00fchrungen<\/p>\n<p>[\/et_pb_text][\/et_pb_column][et_pb_column type=&#8220;1_3&#8243; _builder_version=&#8220;4.19.4&#8243; _module_preset=&#8220;default&#8220; custom_padding=&#8220;20px|20px|20px|20px|false|false&#8220; box_shadow_style=&#8220;preset1&#8243; global_colors_info=&#8220;{}&#8220;][et_pb_image src=&#8220;https:\/\/heku-brandschutz.de\/wp-content\/uploads\/2023\/01\/Einblasdaemmung.png&#8220; title_text=&#8220;HEKU Einblasd\u00e4mmung&#8220; _builder_version=&#8220;4.19.4&#8243; _module_preset=&#8220;default&#8220; global_colors_info=&#8220;{}&#8220;][\/et_pb_image][et_pb_text _builder_version=&#8220;4.19.4&#8243; _module_preset=&#8220;default&#8220; text_orientation=&#8220;center&#8220; custom_margin=&#8220;||10px||false|false&#8220; global_colors_info=&#8220;{}&#8220;]<\/p>\n<h3>Einblasd\u00e4mmung<\/h3>\n<p>[\/et_pb_text][et_pb_text _builder_version=&#8220;4.19.4&#8243; _module_preset=&#8220;default&#8220; text_orientation=&#8220;center&#8220; global_colors_info=&#8220;{}&#8220;]<\/p>\n<p>f\u00fcr Neubauten, Bestandsgeb\u00e4ude, Dach- und Wandkonstruktionen im Holzrahmenbau oder nachtr\u00e4gliche D\u00e4mmung von Wohnh\u00e4usern.<\/p>\n<p>[\/et_pb_text][\/et_pb_column][\/et_pb_row][et_pb_row column_structure=&#8220;1_3,1_3,1_3&#8243; make_equal=&#8220;on&#8220; _builder_version=&#8220;4.19.4&#8243; _module_preset=&#8220;default&#8220; locked=&#8220;off&#8220; global_colors_info=&#8220;{}&#8220;][et_pb_column type=&#8220;1_3&#8243; _builder_version=&#8220;4.19.4&#8243; _module_preset=&#8220;default&#8220; custom_padding=&#8220;20px|20px|20px|20px|false|false&#8220; box_shadow_style=&#8220;preset1&#8243; global_colors_info=&#8220;{}&#8220;][et_pb_image src=&#8220;https:\/\/heku-brandschutz.de\/wp-content\/uploads\/2023\/01\/Brandschutztueren.png&#8220; title_text=&#8220;Brandschutzt\u00fcren&#8220; _builder_version=&#8220;4.19.4&#8243; _module_preset=&#8220;default&#8220; global_colors_info=&#8220;{}&#8220;][\/et_pb_image][et_pb_text _builder_version=&#8220;4.19.4&#8243; _module_preset=&#8220;default&#8220; text_orientation=&#8220;center&#8220; custom_margin=&#8220;||10px||false|false&#8220; global_colors_info=&#8220;{}&#8220;]<\/p>\n<h3>Brand- und Rauchschutzt\u00fcren<\/h3>\n<p>[\/et_pb_text][et_pb_text _builder_version=&#8220;4.19.4&#8243; _module_preset=&#8220;default&#8220; text_orientation=&#8220;center&#8220; global_colors_info=&#8220;{}&#8220;]<\/p>\n<p>Lieferung und Montage von Brand- und Rauchschutzt\u00fcren in feuerhemmender und feuerbest\u00e4ndiger Ausf\u00fchrung<\/p>\n<p>[\/et_pb_text][\/et_pb_column][et_pb_column type=&#8220;1_3&#8243; _builder_version=&#8220;4.19.4&#8243; _module_preset=&#8220;default&#8220; custom_padding=&#8220;20px|20px|20px|20px|false|false&#8220; box_shadow_style=&#8220;preset1&#8243; global_colors_info=&#8220;{}&#8220;][et_pb_image src=&#8220;https:\/\/heku-brandschutz.de\/wp-content\/uploads\/2023\/01\/Feuerschutzklappe-1.png&#8220; title_text=&#8220;Feuerschutzklappe (1)&#8220; _builder_version=&#8220;4.19.4&#8243; _module_preset=&#8220;default&#8220; global_colors_info=&#8220;{}&#8220;][\/et_pb_image][et_pb_text _builder_version=&#8220;4.19.4&#8243; _module_preset=&#8220;default&#8220; text_orientation=&#8220;center&#8220; custom_margin=&#8220;||10px||false|false&#8220; global_colors_info=&#8220;{}&#8220;]<\/p>\n<h3>Feuerschutzklappen und L\u00fcftungselemente<\/h3>\n<p>[\/et_pb_text][et_pb_text _builder_version=&#8220;4.19.4&#8243; _module_preset=&#8220;default&#8220; text_orientation=&#8220;center&#8220; global_colors_info=&#8220;{}&#8220;]<\/p>\n<p>Baulicher Brandschutz an Feuerschutzklappen und\u00a0 L\u00fcftungselementen<\/p>\n<p>[\/et_pb_text][\/et_pb_column][et_pb_column type=&#8220;1_3&#8243; _builder_version=&#8220;4.19.4&#8243; _module_preset=&#8220;default&#8220; custom_padding=&#8220;20px|20px|20px|20px|false|false&#8220; box_shadow_style=&#8220;preset1&#8243; global_colors_info=&#8220;{}&#8220;][et_pb_image src=&#8220;https:\/\/heku-brandschutz.de\/wp-content\/uploads\/2023\/01\/Fluchtweg.png&#8220; title_text=&#8220;Fluchtweg&#8220; _builder_version=&#8220;4.19.4&#8243; _module_preset=&#8220;default&#8220; global_colors_info=&#8220;{}&#8220;][\/et_pb_image][et_pb_text _builder_version=&#8220;4.19.4&#8243; _module_preset=&#8220;default&#8220; text_orientation=&#8220;center&#8220; custom_margin=&#8220;||10px||false|false&#8220; global_colors_info=&#8220;{}&#8220;]<\/p>\n<h3>Flucht- und Rettungswege<\/h3>\n<p>[\/et_pb_text][et_pb_text _builder_version=&#8220;4.19.4&#8243; _module_preset=&#8220;default&#8220; text_orientation=&#8220;center&#8220; global_colors_info=&#8220;{}&#8220;]<\/p>\n<p>Brandschutztechnische Bekleidungen in Flucht- und Rettungswegen sowie sonstige Ma\u00dfnahmen im Bereich HLSE<\/p>\n<p>[\/et_pb_text][\/et_pb_column][\/et_pb_row][\/et_pb_section][et_pb_section fb_built=&#8220;1&#8243; _builder_version=&#8220;4.19.4&#8243; _module_preset=&#8220;default&#8220; custom_padding=&#8220;20px||20px||false|false&#8220; global_colors_info=&#8220;{}&#8220;][et_pb_row _builder_version=&#8220;4.19.4&#8243; _module_preset=&#8220;default&#8220; background_color=&#8220;#FFFFFF&#8220; custom_padding=&#8220;0px|0px||0px|false|false&#8220; border_radii=&#8220;on|4px|4px|4px|4px&#8220; box_shadow_style=&#8220;preset1&#8243; global_colors_info=&#8220;{}&#8220;][et_pb_column type=&#8220;4_4&#8243; _builder_version=&#8220;4.19.4&#8243; _module_preset=&#8220;default&#8220; global_colors_info=&#8220;{}&#8220;][et_pb_slider _builder_version=&#8220;4.19.4&#8243; _module_preset=&#8220;default&#8220; custom_padding=&#8220;20px||10px||false|false&#8220; auto=&#8220;on&#8220; auto_speed=&#8220;5000&#8243; hover_enabled=&#8220;0&#8243; global_colors_info=&#8220;{}&#8220; sticky_enabled=&#8220;0&#8243;][et_pb_slide _builder_version=&#8220;4.19.4&#8243; _module_preset=&#8220;default&#8220; background_color=&#8220;RGBA(255,255,255,0)&#8220; background_enable_color=&#8220;on&#8220; hover_enabled=&#8220;0&#8243; global_colors_info=&#8220;{}&#8220; sticky_transition=&#8220;on&#8220; sticky_enabled=&#8220;0&#8243;]<\/p>\n<p><img loading=\"lazy\" decoding=\"async\" src=\"https:\/\/heku-brandschutz.de\/wp-content\/uploads\/2023\/01\/Durchfuehrung@2x-1024x529.png\" width=\"1024\" height=\"529\" alt=\"\" class=\"wp-image-321 aligncenter size-large\" srcset=\"https:\/\/heku-brandschutz.de\/wp-content\/uploads\/2023\/01\/Durchfuehrung@2x-980x506.png 980w, https:\/\/heku-brandschutz.de\/wp-content\/uploads\/2023\/01\/Durchfuehrung@2x-480x248.png 480w\" sizes=\"(min-width: 0px) and (max-width: 480px) 480px, (min-width: 481px) and (max-width: 980px) 980px, (min-width: 981px) 1024px, 100vw\" \/><\/p>\n<p>[\/et_pb_slide][et_pb_slide _builder_version=&#8220;4.19.4&#8243; _module_preset=&#8220;default&#8220; background_color=&#8220;RGBA(255,255,255,0)&#8220; background_enable_color=&#8220;on&#8220; global_colors_info=&#8220;{}&#8220; sticky_transition=&#8220;on&#8220;]<\/p>\n<p><img loading=\"lazy\" decoding=\"async\" src=\"https:\/\/heku-brandschutz.de\/wp-content\/uploads\/2023\/01\/Durchfuehrung-2@2x-1024x375.png\" width=\"1024\" height=\"375\" alt=\"\" class=\"wp-image-326 aligncenter size-large\" srcset=\"https:\/\/heku-brandschutz.de\/wp-content\/uploads\/2023\/01\/Durchfuehrung-2@2x-980x359.png 980w, https:\/\/heku-brandschutz.de\/wp-content\/uploads\/2023\/01\/Durchfuehrung-2@2x-480x176.png 480w\" sizes=\"(min-width: 0px) and (max-width: 480px) 480px, (min-width: 481px) and (max-width: 980px) 980px, (min-width: 981px) 1024px, 100vw\" \/><\/p>\n<p>[\/et_pb_slide][\/et_pb_slider][et_pb_text _builder_version=&#8220;4.19.4&#8243; _module_preset=&#8220;default&#8220; text_text_color=&#8220;#d2104b&#8220; text_orientation=&#8220;center&#8220; custom_margin=&#8220;|20px|20px|20px|false|false&#8220; custom_padding=&#8220;||10px||false|false&#8220; border_width_bottom=&#8220;1px&#8220; border_color_bottom=&#8220;#d2104b&#8220; global_colors_info=&#8220;{}&#8220;]<\/p>\n<h2>Sonderl\u00f6sungen<\/h2>\n<p>[\/et_pb_text][et_pb_text _builder_version=&#8220;4.19.4&#8243; _module_preset=&#8220;default&#8220; custom_margin=&#8220;|20px||20px|false|false&#8220; global_colors_info=&#8220;{}&#8220;]<\/p>\n<p style=\"text-align: center;\">Neubau oder Altbestand &#8211; Wir bieten brandschutztechnische Sonderl\u00f6sungen im Bereich W\u00e4nde und Decken. Egal ob Holzdecken, Sonderdecken oder unterschiedliche Belegungen. Wir finden die passende L\u00f6sung f\u00fcr Sie!<\/p>\n<p>[\/et_pb_text][\/et_pb_column][\/et_pb_row][\/et_pb_section][et_pb_section fb_built=&#8220;1&#8243; _builder_version=&#8220;4.19.4&#8243; _module_preset=&#8220;default&#8220; custom_padding=&#8220;20px||20px||false|false&#8220; global_colors_info=&#8220;{}&#8220;][et_pb_row _builder_version=&#8220;4.19.4&#8243; _module_preset=&#8220;default&#8220; background_color=&#8220;#d2104b&#8220; custom_padding=&#8220;|20px||20px|false|false&#8220; border_radii=&#8220;off|4px|4px||&#8220; box_shadow_style=&#8220;preset1&#8243; global_colors_info=&#8220;{}&#8220;][et_pb_column type=&#8220;4_4&#8243; _builder_version=&#8220;4.19.4&#8243; _module_preset=&#8220;default&#8220; global_colors_info=&#8220;{}&#8220;][et_pb_image src=&#8220;https:\/\/heku-brandschutz.de\/wp-content\/uploads\/2023\/01\/Ein-Partner-fuer-ALLE-Aufgaben.png&#8220; title_text=&#8220;Ein Partner f\u00fcr ALLE Aufgaben&#8220; _builder_version=&#8220;4.19.4&#8243; _module_preset=&#8220;default&#8220; max_width=&#8220;640px&#8220; module_alignment=&#8220;center&#8220; global_colors_info=&#8220;{}&#8220;][\/et_pb_image][\/et_pb_column][\/et_pb_row][et_pb_row _builder_version=&#8220;4.19.4&#8243; _module_preset=&#8220;default&#8220; background_color=&#8220;#FFFFFF&#8220; custom_padding=&#8220;|20px||20px|false|false&#8220; border_radii=&#8220;off|||4px|4px&#8220; box_shadow_style=&#8220;preset1&#8243; global_colors_info=&#8220;{}&#8220;][et_pb_column type=&#8220;4_4&#8243; _builder_version=&#8220;4.19.4&#8243; _module_preset=&#8220;default&#8220; global_colors_info=&#8220;{}&#8220;][et_pb_text _builder_version=&#8220;4.19.4&#8243; _module_preset=&#8220;default&#8220; text_text_color=&#8220;#d2104b&#8220; text_orientation=&#8220;center&#8220; custom_margin=&#8220;||20px||false|false&#8220; custom_padding=&#8220;||10px||false|false&#8220; border_width_bottom=&#8220;1px&#8220; border_color_bottom=&#8220;#d2104b&#8220; global_colors_info=&#8220;{}&#8220;]<\/p>\n<h2>Mehr als nur Brandschutz<\/h2>\n<p>[\/et_pb_text][et_pb_text _builder_version=&#8220;4.19.4&#8243; _module_preset=&#8220;default&#8220; global_colors_info=&#8220;{}&#8220;]<\/p>\n<p style=\"text-align: center;\">Bei Arbeiten im Bereich Brandschutz werden erfahrungsgem\u00e4\u00df \u201eviele\u201c Baustellen ge\u00f6ffnet. H\u00e4ufig sind f\u00fcr Sie damit Demontage-, Trockenbau- oder Malerarbeiten verbunden. Dank eines Teams bestens ausgebildeter Brandschutz-Monteure aus den unterschiedlichsten Bereichen der Handwerksbranche erledigen wir f\u00fcr Sie alle Aufgaben rund um den baulichen Brandschutz.<\/p>\n<p>[\/et_pb_text][\/et_pb_column][\/et_pb_row][\/et_pb_section][et_pb_section fb_built=&#8220;1&#8243; _builder_version=&#8220;4.19.4&#8243; _module_preset=&#8220;default&#8220; custom_padding=&#8220;20px||20px||false|false&#8220; global_colors_info=&#8220;{}&#8220;][et_pb_row column_structure=&#8220;1_2,1_2&#8243; use_custom_gutter=&#8220;on&#8220; gutter_width=&#8220;2&#8243; _builder_version=&#8220;4.19.4&#8243; _module_preset=&#8220;default&#8220; background_color=&#8220;#FFFFFF&#8220; custom_margin=&#8220;||||false|false&#8220; custom_padding=&#8220;0px|0px|0px|0px|false|false&#8220; border_radii=&#8220;on|4px|4px|4px|4px&#8220; box_shadow_style=&#8220;preset1&#8243; locked=&#8220;off&#8220; global_colors_info=&#8220;{}&#8220;][et_pb_column type=&#8220;1_2&#8243; _builder_version=&#8220;4.19.4&#8243; _module_preset=&#8220;default&#8220; custom_padding=&#8220;|||0px|false|false&#8220; global_colors_info=&#8220;{}&#8220;][et_pb_image src=&#8220;https:\/\/heku-brandschutz.de\/wp-content\/uploads\/2023\/01\/Hausverwaltung.png&#8220; title_text=&#8220;Hausverwaltung&#8220; force_fullwidth=&#8220;on&#8220; _builder_version=&#8220;4.19.4&#8243; _module_preset=&#8220;default&#8220; module_alignment=&#8220;center&#8220; custom_margin=&#8220;||||false|false&#8220; custom_padding=&#8220;||||false|false&#8220; global_colors_info=&#8220;{}&#8220;][\/et_pb_image][\/et_pb_column][et_pb_column type=&#8220;1_2&#8243; _builder_version=&#8220;4.19.4&#8243; _module_preset=&#8220;default&#8220; global_colors_info=&#8220;{}&#8220;][et_pb_text _builder_version=&#8220;4.19.4&#8243; _module_preset=&#8220;default&#8220; text_text_color=&#8220;#d2104b&#8220; header_2_line_height=&#8220;1.3em&#8220; text_orientation=&#8220;center&#8220; custom_margin=&#8220;|20px|20px|20px|false|false&#8220; custom_padding=&#8220;40px||10px||false|false&#8220; border_width_bottom=&#8220;1px&#8220; border_color_bottom=&#8220;#d2104b&#8220; global_colors_info=&#8220;{}&#8220;]<\/p>\n<h2>Unser Service f\u00fcr Haus- und Immoblienverwaltungen<\/h2>\n<p>[\/et_pb_text][et_pb_text _builder_version=&#8220;4.19.4&#8243; _module_preset=&#8220;default&#8220; custom_padding=&#8220;|20px||20px|false|false&#8220; global_colors_info=&#8220;{}&#8220;]<\/p>\n<p style=\"text-align: center;\">Ben\u00f6tigen Sie eine schnelle, fachgerechte Beseitigung von M\u00e4ngeln nach einer Begehung im Rahmen der FBV\/SPru\u0308fV?<\/p>\n<p style=\"text-align: center;\">Mit einem Team bestens ausgebildeter Mitarbeiter u\u0308bernehmen wir seit u\u0308ber 35 Jahren eine Vielzahl von Aufgaben im Bereich des baulichen Brandschutzes. Egal, ob Wohnanlage, Gewerbeimmobilie oder Krankenhaus.<\/p>\n<p style=\"text-align: center;\">Unsere Montagen werden so ausgefu\u0308hrt, dass betriebliche Abl\u00e4ufe aufrechterhalten werden k\u00f6nnen und St\u00f6rungen fu\u0308r Ihre Bewohner und Nutzer auf ein Minimum reduziert werden.<\/p>\n<p style=\"text-align: center;\">[\/et_pb_text][et_pb_button button_url=&#8220;https:\/\/heku-brandschutz.de\/wp-content\/uploads\/2023\/01\/FlyerHausverwaltungen.pdf&#8220; url_new_window=&#8220;on&#8220; button_text=&#8220;Info-Brosch\u00fcre&#8220; button_alignment=&#8220;center&#8220; _builder_version=&#8220;4.19.4&#8243; _module_preset=&#8220;default&#8220; global_colors_info=&#8220;{}&#8220;][\/et_pb_button][\/et_pb_column][\/et_pb_row][\/et_pb_section][et_pb_section fb_built=&#8220;1&#8243; _builder_version=&#8220;4.19.4&#8243; _module_preset=&#8220;default&#8220; background_color=&#8220;#d2104b&#8220; custom_margin=&#8220;16px||||false|false&#8220; custom_padding=&#8220;0px||0px||false|false&#8220; global_module=&#8220;216&#8243; saved_tabs=&#8220;all&#8220; global_colors_info=&#8220;{}&#8220;][et_pb_row _builder_version=&#8220;4.19.4&#8243; _module_preset=&#8220;default&#8220; custom_padding=&#8220;15px||15px||false|false&#8220; global_colors_info=&#8220;{}&#8220;][et_pb_column type=&#8220;4_4&#8243; _builder_version=&#8220;4.19.4&#8243; _module_preset=&#8220;default&#8220; global_colors_info=&#8220;{}&#8220;][et_pb_text _builder_version=&#8220;4.19.4&#8243; _module_preset=&#8220;default&#8220; text_text_color=&#8220;#FFFFFF&#8220; global_colors_info=&#8220;{}&#8220;]<\/p>\n<p><span style=\"color: #ffffff;\"><a href=\"https:\/\/heku-brandschutz.de\/?page_id=196\" title=\"Impressum\"><span style=\"color: #ffffff;\">Impressum<\/span> <\/a>| <a href=\"https:\/\/heku-brandschutz.de\/?page_id=201\" title=\"Datenschutzerkl\u00e4rung\" style=\"color: #ffffff;\">Datenschutzerkl\u00e4rung<\/a><\/span><\/p>\n<p>[\/et_pb_text][\/et_pb_column][\/et_pb_row][\/et_pb_section]<\/p>\n","protected":false},"excerpt":{"rendered":"<p>Unsere Leistungen im \u00dcberblickAls eines der ersten, auf Brandschutz spezialisierten Unternehmen im s\u00fcddeutschen Raum k\u00f6nnen wir uns heute mit unserer \u00fcber 30-j\u00e4hrigen Erfahrung stolz als den Spezialisten in s\u00e4mtlichen Brandschutzfragen bezeichnen. Wir bieten Ihnen s\u00e4mtliche Ma\u00dfnahmen des vorbeugenden Geb\u00e4udebrandschutzes und begleiten Sie von der Planung bis zur Abnahme.BrandschutzS\u00e4mtliche Ma\u00dfnahmen des vorbeugenden Geb\u00e4udebrandschutzesRohr- und ElektroabschottungenGem\u00e4\u00df Zulassungen [&hellip;]<\/p>\n","protected":false},"author":1,"featured_media":0,"parent":0,"menu_order":0,"comment_status":"closed","ping_status":"closed","template":"","meta":{"_et_pb_use_builder":"on","_et_pb_old_content":"","_et_gb_content_width":"","footnotes":""},"class_list":["post-35","page","type-page","status-publish","hentry"],"_links":{"self":[{"href":"https:\/\/heku-brandschutz.de\/index.php?rest_route=\/wp\/v2\/pages\/35","targetHints":{"allow":["GET"]}}],"collection":[{"href":"https:\/\/heku-brandschutz.de\/index.php?rest_route=\/wp\/v2\/pages"}],"about":[{"href":"https:\/\/heku-brandschutz.de\/index.php?rest_route=\/wp\/v2\/types\/page"}],"author":[{"embeddable":true,"href":"https:\/\/heku-brandschutz.de\/index.php?rest_route=\/wp\/v2\/users\/1"}],"replies":[{"embeddable":true,"href":"https:\/\/heku-brandschutz.de\/index.php?rest_route=%2Fwp%2Fv2%2Fcomments&post=35"}],"version-history":[{"count":30,"href":"https:\/\/heku-brandschutz.de\/index.php?rest_route=\/wp\/v2\/pages\/35\/revisions"}],"predecessor-version":[{"id":331,"href":"https:\/\/heku-brandschutz.de\/index.php?rest_route=\/wp\/v2\/pages\/35\/revisions\/331"}],"wp:attachment":[{"href":"https:\/\/heku-brandschutz.de\/index.php?rest_route=%2Fwp%2Fv2%2Fmedia&parent=35"}],"curies":[{"name":"wp","href":"https:\/\/api.w.org\/{rel}","templated":true}]}}